{"id":1207,"date":"2025-05-14T09:01:38","date_gmt":"2025-05-14T08:01:38","guid":{"rendered":"https:\/\/morospins.com\/no-deposit-bonuses\/"},"modified":"2025-07-10T10:10:05","modified_gmt":"2025-07-10T09:10:05","slug":"no-deposit-bonuses","status":"publish","type":"page","link":"https:\/\/morospins.com\/pt-pt\/no-deposit-bonuses\/","title":{"rendered":"B\u00f3nus Sem Dep\u00f3sito"},"content":{"rendered":"<h1>B\u00f3nus Sem Dep\u00f3sito de Morospin<\/h1>\n<p>Os brindes s\u00e3o uma parte importante da vida do jogo online. Os b\u00f3nus sem dep\u00f3sito s\u00e3o uma das ofertas mais procuradas no mundos dos casinos online. Estas promo\u00e7\u00f5es d\u00e3o aos jogadores a oportunidade de testar um site sem comprometer dinheiro real. Morospin n\u00e3o oferece, neste momento, nenhum b\u00f3nus sem dep\u00f3sito. No entanto, isso n\u00e3o o dever\u00e1 desencorajar.<\/p>\n<p>Existem muitas outras ofertas s\u00f3lidas que vale a pena conhecer. Al\u00e9m disso, os casinos online costumam fazer promo\u00e7\u00f5es rotativas e as ofertas sem dep\u00f3sito podem aparecer a qualquer momento. Isto pode acontecer durante campanhas por tempo limitado, ofertas sazonais ou como parte de ofertas exclusivas por email para novos ou antigos jogadores.<\/p>\n<p><div class=\"banner-wrap\" aria-label=\"Banner\"><img src=\"https:\/\/morospins.com\/wp-content\/uploads\/2025\/03\/Xtraspin-general-background-1184x507-3-1.png\" class=\"w-100 d-none d-lg-block img-pc main-banner-img\" alt=\"Xtraspin general background 1184&#215;507 (3) (1)\" fetchpriority=\"high\" decoding=\"async\"><img src=\"https:\/\/morospins.com\/wp-content\/uploads\/2025\/03\/Xtraspin-general-mobile-792-2-1.png\" class=\"w-100 d-none d-md-block d-lg-none main-banner-img\" alt=\"Xtraspin general mobile 792 (2) (1)\" fetchpriority=\"high\" decoding=\"async\"><img src=\"https:\/\/morospins.com\/wp-content\/uploads\/2025\/03\/Xtraspin-general-mobile-792-2-1.png\" class=\"w-100 d-md-none\" alt=\"Xtraspin general mobile 792 (2) (1)\" fetchpriority=\"high\" decoding=\"async\"><div class=\"banner-description\">\n<div class=\"banner-title\">B\u00f3nus de Boas-Vindas<\/div>\n<p class=\"banner-header-title\">450 \u20ac<\/p>\n<div class=\"banner-header-AdditionalText\">+ 250 giros Gr\u00e1tis<\/div>\n<button data-item=\"homepage_banner_link\" class=\"goto m-button m-gradient-border m-button--primary m-button--large banner-button btn-orange\">\n            <div class=\"m-button-content\">\n                <span>Regista-te Agora<\/span>\n                <span><\/span>\n            <\/div>\n        <\/button>\n<\/div>\n<div class=\"WelcomePack\">\n<p><img decoding=\"async\" src=\"https:\/\/cdn.aramuz.net\/front\/components\/home\/welcome-crown.svg\" alt=\"\" \/><\/p>\n<div class=\"WelcomePack-Info\">Cashback semanal de at\u00e9 25%<\/div>\n<p><img decoding=\"async\" src=\"https:\/\/cdn.aramuz.net\/front\/components\/home\/welcome-crown.svg\" alt=\"\" \/><\/p>\n<\/div>\n<\/div><div class=\"scrollable-content-wrap my-5\"><div class=\"scrollable-content-inner\"><h2>Vantagens dos B\u00f3nus Sem Dep\u00f3sito<\/h2>\n<p>Os b\u00f3nus sem dep\u00f3sito s\u00e3o muitos populares pelos seguintes motivos:<\/p>\n<ul>\n<li>Jogar sem risco financeiro: n\u00e3o precisa de depositar um c\u00eantimo para come\u00e7ar. Isto faz com que oferta seja ideal para os jogadores mais cautelosos ou para aqueles que s\u00e3o novos nos casinos online.<\/li>\n<li>Testar o casino: estes b\u00f3nus permitem-no explorar o design da plataforma, as suas funcionalidades e os jogos seus jogos antes de investir a dinheiro real.<\/li>\n<li>Ganhos com dinheiro real: apesar do b\u00f3nus ser gratuito, poder\u00e1 ganhar dinheiro real \u00e0 mesma. Certifique-se que cumpre com as condi\u00e7\u00f5es de aposta para desfrutar dos ganhos.<\/li>\n<li>N\u00e3o s\u00e3o necess\u00e1rios dados banc\u00e1rios: muitas das ofertas sem dep\u00f3sito s\u00e3o desbloqueadas durante o registo. Isto significa que n\u00e3o precisa de partilhar informa\u00e7\u00f5es de pagamento para poder come\u00e7ar a jogar.<\/li>\n<\/ul>\n<h2>Outros B\u00f3nus do Casino Morospin<\/h2>\n<p>Apesar de n\u00e3o encontrar b\u00f3nus sem dep\u00f3sito em Morospin neste momento, existem outras ofertas competitivas das quais os jogadores podem tirar partido. Aqui est\u00e3o algumas delas:<\/p>\n<h3>B\u00f3nus de Boas-Vindas<\/h3>\n<p>O pacote para novos jogadores em Moro Spin \u00e9 uma excelente maneira de come\u00e7ar a sua aventura de jogo nesta plataforma. Aqui vai poder receber ofertas de dep\u00f3sito correspondentes distribu\u00eddas pelas suas tr\u00eas primeiras transfer\u00eancias.<\/p>\n<p>O seu primeiro dep\u00f3sito d\u00e1-lhe um b\u00f3nus equivalente de 100% at\u00e9 \u20ac500 mais 150 rodadas gr\u00e1tis. Este pacote \u00e9 perfeito para se familiarizar com as coisas no novo casino. Este permanece v\u00e1lido por 7 dias ap\u00f3s a sua obten\u00e7\u00e3o e tem o requisito de aposta bastante amig\u00e1vel de 35x.<\/p>\n<p>A loucura dos brindes continua com o segundo dep\u00f3sito. Recarregue a sua conta com pelo menos \u20ac20 para obter uma oferta de dep\u00f3sito equivalente de 55% at\u00e9 \u20ac500. Al\u00e9m disso, vai receber 100 rodadas gr\u00e1tis para aprimorar a sua experi\u00eancia nos cilindros.<\/p>\n<p>Finalmente, um terceiro dep\u00f3sito de \u20ac20 traz-lhe um b\u00f4nus de 100% at\u00e9 \u20ac500. Estas ofertas de boas-vindas compensam a falta de b\u00f3nus sem dep\u00f3sito do Casino. Desta forma, ter\u00e1 ent\u00e3o a oportunidade de desfrutar de jogos gr\u00e1tis na p\u00e1gina.<\/p>\n<h3>Programa de Refer\u00eancia<\/h3>\n<p>O programa de refer\u00eancia \u00e9 uma \u00f3ptima maneira de aumentar a sua conta banc\u00e1ria enquanto traz outros para experimentar Morospin. basta pegar no seu link de refer\u00eancia exclusivo na sua conta e partid\u00e1-lo atrav\u00e9s das redes sociais ou mensagens. Receber\u00e1 uma recompensa assim que o seu amigo se inscrever atrav\u00e9s do link e cumprir as condi\u00e7\u00f5es de qualifica\u00e7\u00e3o. O pr\u00e9mio vai normalmente at\u00e9 aos \u20ac1.000.<\/p>\n<p>Aumente as suas chances de obter um b\u00f3nus mais elevado indicando jogadores que estejam genuinamente interessados nos jogos online. Tamb\u00e9m \u00e9 importante focar-se em jogadores altamente empenhados, isto porque quanto mais jogarem, mais vai poder ganhar.<\/p>\n<h3>B\u00f3nus de Grandes Apostadores<\/h3>\n<p>Esta oferta \u00e9 ideal para jogadores que pretendem obter mais valor com um \u00fanico dep\u00f3sito. Certifique-se que deposita \u20ac300 ou mais para desbloquear um b\u00f3nus de 50% at\u00e9 \u20ac500. Tamb\u00e9m ter\u00e1 de utilizar o c\u00f3digo 50HIGH para que o dinheiro seja depositado na sua conta.<\/p>\n<p>O b\u00f3nus est\u00e1 dispon\u00edvel uma vez por semana e permanece activo por tr\u00eas dias. Durante este per\u00edodo, \u00e9 necess\u00e1rio cumprir o requisito de aposta de 35x para que os ganhos possam ser levantados.<\/p>\n<h3>Cashback Semanal<\/h3>\n<p>O Casino de Moro Spin oferece agora um Cashback Semanal que atenua o golpe de uma mar\u00e9 de azar. Normalmente, os jogadores recebem at\u00e9 25% das suas perdas l\u00edquidas por semana. A percentagem exacta de cashback depende do seu n\u00edvel de actividade. Os volumes do jogo mais elevados desbloqueiam normalmente melhores taxas. Esta oferta \u00e9 automaticamente creditada na sua conta, n\u00e3o h\u00e1 necessidade de se inscrever ou de utilizar um c\u00f3digo de b\u00f3nus.<\/p>\n<h3>Rakeback<\/h3>\n<p>Os f\u00e3s de p\u00f3quer tamb\u00e9m n\u00e3o s\u00e3o deixados para tr\u00e1s. Moro Spin oferece um programa de rackback por n\u00edveis que devolve uma percentagem das suas apostas, independentemente de ganhar ou perder. Desbloqueie um rackback mensal ao atingir o n\u00edvel de Prata. Subindo para o n\u00edvel de Ouro, este benef\u00edcio aumenta para um rackback semanal. O verdadeiro destaque \u00e9 o n\u00edvel de Platina, onde os jogadores ganham acesso ao rackback instant\u00e2neo. Esta \u00e9 uma funcionalidade premium que credita uma percentagem dos seus montantes apostados no seu saldo em tempo real.<\/p>\n<h3>Carregamento de Domingo<\/h3>\n<p>Os jogadores com o n\u00edvel de Bronze em Morospin s\u00e3o tratados com um B\u00f3nus de Carregamento especial de 25% at\u00e9 \u20ac100 para prolongar a divers\u00e3o no fim de semana. Tudo o que precisa de fazer \u00e9 depositar \u20ac30 ou mais para obter a oferta. Os jogadores tamb\u00e9m devem utilizar o c\u00f3digo promocional RELDAY durante a transa\u00e7\u00e3o. Esta oferta \u00e9 uma \u00f3ptima maneira para os jogadores casuais aumentarem o seu or\u00e7amento e jogarem por mais tempo.<\/p>\n<h2>As melhores dicas para usar o seu b\u00f3nus do casino Morospin<\/h2>\n<p>Apesar de n\u00e3o encontrar b\u00f3nus sem dep\u00f3sito em Moro Spin, existem v\u00e1rias dicas que pode utilizar para aproveitar ao m\u00e1ximo as ofertas dispon\u00edveis, mantendo-se dentro das regras. Aqui ficam algumas delas:<\/p>\n<h3>Leia Cuidadosamente os Termos e Condi\u00e7\u00f5es<\/h3>\n<p>Analise sempre os requisitos de aposta, o dep\u00f3sito m\u00ednimo, os limites m\u00e1ximos de apostas e os jogos eleg\u00edveis antes do solicitar qualquer oferta. Compreender as letras miudinhas ajuda-o a evitar erros despendiosos e garante que se qualifica para os levantamentos.<\/p>\n<h3>Comece com Jogos com Baixa Volatilidade<\/h3>\n<p>Opte por slots de baixa volatilidade para cumprir os requisitos de apostas. Estes jogos oferecem ganhos mais pequenos mas mais frequentes. Assim, pode preservar o seu saldo de b\u00f3nus por mais tempo e aumentar as suas hip\u00f3teses de completar o jogo.<\/p>\n<h3>Consulte a Validade do B\u00f3nus<\/h3>\n<p>A maioria dos b\u00f3nus de Morospin tem um tempo limitado. Certifique-se que utiliza a oferta dentro do prazo determinado, de outra forma, ir\u00e1 perder tanto o b\u00f3nus como quaisquer ganhos associados a este.<\/p>\n<h3>Evite Apostas Desqualificadas<\/h3>\n<p>Algumas ofertas restringem o tamanho m\u00e1ximo da aposta (habitualmente de \u20ac5 por rodada). Exceder este montante pode levar \u00e0 anula\u00e7\u00e3o do seu b\u00f3nus e de quaisquer ganhos.<\/p>\n<h3>Mantenha o Comprovativo do C\u00f3digo de B\u00f3nus Inserido<\/h3>\n<p>Certifique-se que utiliza o c\u00f3digo de b\u00f3nus correcto durante o dep\u00f3sito. Fa\u00e7a uma captura de ecr\u00e3 ou confirme que o c\u00f3digo foi aceite para evitar problemas com o apoio ao cliente mais tarde.<\/p>\n<h3>Obtenha os B\u00f3nus Estrategicamente<\/h3>\n<p>Planeie as suas sess\u00f5es de jogo tendo em conta as promo\u00e7\u00f5es como Carregamento de Domingo ou eventos sazonais. Combinar um b\u00f3nus com estas op\u00e7\u00f5es extra poder\u00e1 trazer-lhe um s\u00e9rio refor\u00e7o \u00e0 sua conta banc\u00e1ria.<\/p>\n<h2>Torneios e Competi\u00e7\u00f5es no Casino Morospin<\/h2>\n<p>A p\u00e1gina introduz a vertente competitiva nos jogos de casino com torneios emocionantes. Estas competi\u00e7\u00f5es v\u00e3o para al\u00e9m da sorte e recompensam a consist\u00eancia, sendo ideal para os jogadores mais leais. A melhor parte \u00e9 que estes desafios s\u00e3o variados e transparentes. Adicionalmente, estes compensam-no pela falta de b\u00f3nus sem dep\u00f3sito de site de Morospin.\u00a0 Aqui fica um olhar sobre as competi\u00e7\u00f5es em curso na plataforma de jogo online.<\/p>\n<h3>Torneio com Pr\u00e9mios Di\u00e1rios<\/h3>\n<p>Esta \u00e9 uma competi\u00e7\u00e3o exclusiva do jogo que decorre durante todo o m\u00eas. Aqui, os jogadores competem por um pr\u00e9mio di\u00e1rio de \u20ac2.500. O progresso \u00e9 obtido ao jogar os jogos em destaque, que podem mudar todos os dias. Para al\u00e9m de promover o tempo de jogo regular o desafio da competi\u00e7\u00e3o oferece oportunidades para ganhar muito dinheiro.<\/p>\n<h3>Torneio Estrondo de Novatos<\/h3>\n<p>O casino de Morospin d\u00e1 as boas-vindas aos novos jogadores com um desafio para os novatos ganharem grandes pr\u00e9mios. \u00c9 uma recompensa adequada pela falta de b\u00f3nus sem dep\u00f3sito no pacote para os novos jogadores. Melhor ainda, o torneio decorre diariamente para acomodar at\u00e9 os jogadores<\/p>\n<p>Este evento apresenta um pr\u00e9mio acumulado de \u20ac2.500 para os jogadores com a melhor classifica\u00e7\u00e3o na tabela classificativa no final do dia. Se acha que tem o que \u00e9 preciso, junte-se \u00e0 luta e compita para ganhar os pr\u00e9mios.<\/p>\n<h3>Torneio Ao Vivo<\/h3>\n<p>Este desafio \u00e9 um sonho para qualquer jogador que adore os jogos de casino ao vivo do Casino Morospin. Inclui todos os seus favoritos da plataforma, nomeadamente:<\/p>\n<ul>\n<li>Roleta<\/li>\n<li>Blackjack<\/li>\n<li>Baccarat<\/li>\n<li>P\u00f3quer<\/li>\n<\/ul>\n<p>Realizado a cada tr\u00eas dias, o torneio apresenta um cobi\u00e7ado pr\u00e9mio acumulado de \u20ac10.000, distribu\u00eddo pelos melhores jogadores. Por isso, d\u00ea largas \u00e0 sua mestria t\u00e1ctica para ganhar pontos para a tabela classificativa. O seu progresso \u00e9 baseado na actividade e nos resultados do jogo.<\/p>\n<h2>Programa VIP do Casino Morospin<\/h2>\n<p>A plataforma oferece um estruturado Programa VIP que recompensa os jogadores mais regulares atrav\u00e9s de um sistema de fidelidade por n\u00edveis. Este programa consiste em quatro n\u00edveis principais:<\/p>\n<ul>\n<li>Bronze<\/li>\n<li>Prata<\/li>\n<li>Ouro<\/li>\n<li>Platina<\/li>\n<\/ul>\n<p>\u00c0 medida que aposta e deposita vai ganhando pontos que contribuem para a progress\u00e3o na classifica\u00e7\u00e3o. Cada novo n\u00edvel desbloqueia mais vantagens, criando um sistema onde o jogo consistente \u00e9 reconhecido e recompensado.<\/p>\n<h3>Como Aderir<\/h3>\n<p>Aderir ao Programa VIP de Morospin n\u00e3o requer qualquer tipo de registo em separado. Depois de se registar na p\u00e1gina, \u00e9-lhe automaticamente atribu\u00eddo o n\u00edvel de Bronze. O avan\u00e7o nos n\u00edveis depende da acumula\u00e7\u00e3o de dois tipos de pontos: Pontos de Aposta e Pontos de Dep\u00f3sito. Por exemplo, para alcan\u00e7ar o n\u00edvel de Prata s\u00e3o necess\u00e1rios 1.500 Pontos de Aposta, enquanto o n\u00edvel de Platina exige 800.000 Pontos de Aposta e 35.000 Pontos de Dep\u00f3sito. Pode acompanhar o seu progresso em tempo real no painel de controlo da sua conta.<\/p>\n<h3>Benef\u00edcios de Aderir ao Programa VIP de Morospin<\/h3>\n<p>Cada n\u00edvel inclui pr\u00e9mios progressivamente mais valiosos. Vai receber benef\u00edcios extra \u00e0 medida que avan\u00e7a nos n\u00edveis. Aqui fica um resumo do clube de fidelidade de Morospin:<\/p>\n<table>\n<tbody>\n<tr>\n<td><\/td>\n<td>Bronze<\/td>\n<td>Prata<\/td>\n<td>Ouro<\/td>\n<td>Platina<\/td>\n<\/tr>\n<tr>\n<td>Pontos de Aposta<\/td>\n<td>0<\/td>\n<td>1.500<\/td>\n<td>11.000<\/td>\n<td>800.000<\/td>\n<\/tr>\n<tr>\n<td>Pontos de Dep\u00f3sito<\/td>\n<td>0<\/td>\n<td>0<\/td>\n<td>500<\/td>\n<td>35,000<\/td>\n<\/tr>\n<tr>\n<td>Pr\u00e9mio Total do B\u00f3nus<\/td>\n<td>190 Rodadas Gr\u00e1tis<\/td>\n<td>\u20ac105<\/td>\n<td>\u20ac4.300<\/td>\n<td>\u20ac10.000<\/td>\n<\/tr>\n<tr>\n<td>Cashback<\/td>\n<td>N\u00e3o<\/td>\n<td>1%<\/td>\n<td>At\u00e9 3%<\/td>\n<td>5%<\/td>\n<\/tr>\n<tr>\n<td>Rakeback<\/td>\n<td>Mensalmente<\/td>\n<td>Semanalmente<\/td>\n<td>Semanalmente + Instant\u00e2neo<\/td>\n<td>Semanalmente + Instant\u00e2neo<\/td>\n<\/tr>\n<tr>\n<td>B\u00f3nus Exclusivos<\/td>\n<td>N\u00e3o<\/td>\n<td>Sim<\/td>\n<td>Sim<\/td>\n<td>Sim<\/td>\n<\/tr>\n<tr>\n<td>Torneios VIP<\/td>\n<td>N\u00e3o<\/td>\n<td>Sim<\/td>\n<td>Sim<\/td>\n<td>Sim<\/td>\n<\/tr>\n<tr>\n<td>Assist\u00eancia<\/td>\n<td>Normal<\/td>\n<td>Linha de Apoio Dedicada 24\/7<\/td>\n<td>Gestor VIP + Linha 24\/7<\/td>\n<td>Gestor VIP + Linha 24\/7<\/td>\n<\/tr>\n<tr>\n<td>Benef\u00edcios de Levantamento<\/td>\n<td>Normal<\/td>\n<td>Limites aumentados, prioridade na fila de espera<\/td>\n<td>Limites aumentados, prioridade na fila de espera<\/td>\n<td>Limites aumentados, prioridade na fila de espera<\/td>\n<\/tr>\n<\/tbody>\n<\/table>\n<h2>Como Ficar a Par de Futuras Ofertas Sem Dep\u00f3sito de Morospin<\/h2>\n<p>Aqui ficam algumas das estrat\u00e9gias que pode utilizar para saber quando \u00e9 que os b\u00f3nus sem dep\u00f3sito em Morospin foram introduzidos.<\/p>\n<ol>\n<li>Subscreva a newsletter durante o registo ou posteriormente nas defini\u00e7\u00f5es da sua conta.<\/li>\n<li>Active a op\u00e7\u00e3o dos emails promocionais. Estes incluem frequentemente c\u00f3digos sem dep\u00f3sito exclusivos ou por tempo limitado.<\/li>\n<li>Siga Morospin nas redes sociais. Por vezes, o operador utiliza estas plataformas para anunciar promo\u00e7\u00f5es rel\u00e2mpago ou sorteios.<\/li>\n<li>Consulte a p\u00e1gina das Promo\u00e7\u00f5es regularmente, especialmente durante \u00e9pocas festivas ou grandes eventos.<\/li>\n<\/ol>\n<h2>Jogo Respons\u00e1vel no Casino Morospin<\/h2>\n<p>O Casino Morospin leva muito a s\u00e9rio o jogo respons\u00e1vel, quer esteja a utilizar o seu pr\u00f3prio dinheiro ou um b\u00f3nus sem dep\u00f3sito, quando este estiver dispon\u00edvel no futuro. Embora os b\u00f3nus sem dep\u00f3sito sejam frequentemente vistos como formas sem risco de experimentar um casino, este pode levar a um jogo excessivo se n\u00e3o for geridos correctamente. Esta plataforma tamb\u00e9m lhe permite definir um per\u00edodo de tempo que deseja dedicar ao seu jogo. A sess\u00e3o ser\u00e1 automaticamente determinada assim que expirar. Est\u00e1 ainda dispon\u00edvel uma op\u00e7\u00e3o de exclus\u00e3o tempor\u00e1ria e permanente, assim como informa\u00e7\u00f5es sobre como reconhecer problemas de depend\u00eancia do jogo.<\/p>\n<h2>Pensamentos Finais<\/h2>\n<p>Embora Morospin n\u00e3o disponha de um b\u00f3nus sem dep\u00f3sito neste momento, o casino tem ofertas suficientes para o manter fisgado. A oferta do boas-vindas e outras promo\u00e7\u00f5es cont\u00ednuas apresentam um valor consider\u00e1vel. Se estiver especificamente \u00e0 procura de uma oferta sem dep\u00f3sito verifique as promo\u00e7\u00f5es com regularidade para obter todas as novidades. Desta forma, estar\u00e1 entre os primeiros a saber quando essas ofertas forem lan\u00e7adas.<\/p>\n<\/div><\/div><\/p>\n","protected":false},"excerpt":{"rendered":"<p>B\u00f3nus Sem Dep\u00f3sito de Morospin Os brindes s\u00e3o uma parte importante da vida do jogo online. Os b\u00f3nus sem dep\u00f3sito s\u00e3o uma das ofertas mais procuradas no mundos dos casinos online. Estas promo\u00e7\u00f5es d\u00e3o aos jogadores a oportunidade de testar um site sem comprometer dinheiro real. Morospin n\u00e3o oferece, neste momento, nenhum b\u00f3nus sem dep\u00f3sito. [&hellip;]<\/p>\n","protected":false},"author":1,"featured_media":0,"parent":0,"menu_order":0,"comment_status":"closed","ping_status":"closed","template":"template-builder.php","meta":{"_acf_changed":false,"inline_featured_image":false,"footnotes":""},"class_list":["post-1207","page","type-page","status-publish","hentry"],"acf":[],"yoast_head":"<!-- This site is optimized with the Yoast SEO plugin v27.3 - https:\/\/yoast.com\/product\/yoast-seo-wordpress\/ -->\n<title>B\u00f3nus Sem Dep\u00f3sito do Casino Morospin\u2b50 Obtenha o Seu C\u00f3digo de B\u00f3nus Hoje<\/title>\n<meta name=\"description\" content=\"Use um c\u00f3digo de b\u00f3nus do Casino Moro Spin \u2705 Desfrute de um b\u00f3nus sem dep\u00f3sito, um Pacote de Boas-Vindas de \u20ac1,500 + 250 Rodadas Gr\u00e1tis e \u20ac2,500 em torneios di\u00e1rios!\ud83e\udd11\" \/>\n<meta name=\"robots\" content=\"index, follow, max-snippet:-1, max-image-preview:large, max-video-preview:-1\" \/>\n<link rel=\"canonical\" href=\"https:\/\/morospins.com\/pt-pt\/no-deposit-bonuses\/\" \/>\n<meta property=\"og:locale\" content=\"pt_PT\" \/>\n<meta property=\"og:type\" content=\"article\" \/>\n<meta property=\"og:title\" content=\"B\u00f3nus Sem Dep\u00f3sito do Casino Morospin\u2b50 Obtenha o Seu C\u00f3digo de B\u00f3nus Hoje\" \/>\n<meta property=\"og:description\" content=\"Use um c\u00f3digo de b\u00f3nus do Casino Moro Spin \u2705 Desfrute de um b\u00f3nus sem dep\u00f3sito, um Pacote de Boas-Vindas de \u20ac1,500 + 250 Rodadas Gr\u00e1tis e \u20ac2,500 em torneios di\u00e1rios!\ud83e\udd11\" \/>\n<meta property=\"og:url\" content=\"https:\/\/morospins.com\/pt-pt\/no-deposit-bonuses\/\" \/>\n<meta property=\"og:site_name\" content=\"Morospins\" \/>\n<meta property=\"article:modified_time\" content=\"2025-07-10T09:10:05+00:00\" \/>\n<meta name=\"twitter:card\" content=\"summary_large_image\" \/>\n<meta name=\"twitter:label1\" content=\"Est. reading time\" \/>\n\t<meta name=\"twitter:data1\" content=\"1 minute\" \/>\n<script type=\"application\/ld+json\" class=\"yoast-schema-graph\">{\"@context\":\"https:\\\/\\\/schema.org\",\"@graph\":[{\"@type\":\"WebPage\",\"@id\":\"https:\\\/\\\/morospins.com\\\/pt-pt\\\/no-deposit-bonuses\\\/\",\"url\":\"https:\\\/\\\/morospins.com\\\/pt-pt\\\/no-deposit-bonuses\\\/\",\"name\":\"B\u00f3nus Sem Dep\u00f3sito do Casino Morospin\u2b50 Obtenha o Seu C\u00f3digo de B\u00f3nus Hoje\",\"isPartOf\":{\"@id\":\"https:\\\/\\\/morospins.com\\\/pt-pt\\\/#website\"},\"datePublished\":\"2025-05-14T08:01:38+00:00\",\"dateModified\":\"2025-07-10T09:10:05+00:00\",\"description\":\"Use um c\u00f3digo de b\u00f3nus do Casino Moro Spin \u2705 Desfrute de um b\u00f3nus sem dep\u00f3sito, um Pacote de Boas-Vindas de \u20ac1,500 + 250 Rodadas Gr\u00e1tis e \u20ac2,500 em torneios di\u00e1rios!\ud83e\udd11\",\"breadcrumb\":{\"@id\":\"https:\\\/\\\/morospins.com\\\/pt-pt\\\/no-deposit-bonuses\\\/#breadcrumb\"},\"inLanguage\":\"pt-PT\",\"potentialAction\":[{\"@type\":\"ReadAction\",\"target\":[\"https:\\\/\\\/morospins.com\\\/pt-pt\\\/no-deposit-bonuses\\\/\"]}]},{\"@type\":\"BreadcrumbList\",\"@id\":\"https:\\\/\\\/morospins.com\\\/pt-pt\\\/no-deposit-bonuses\\\/#breadcrumb\",\"itemListElement\":[{\"@type\":\"ListItem\",\"position\":1,\"name\":\"Morospin\",\"item\":\"https:\\\/\\\/morospins.com\\\/pt-pt\\\/\"},{\"@type\":\"ListItem\",\"position\":2,\"name\":\"B\u00f3nus Sem Dep\u00f3sito\"}]},{\"@type\":\"WebSite\",\"@id\":\"https:\\\/\\\/morospins.com\\\/pt-pt\\\/#website\",\"url\":\"https:\\\/\\\/morospins.com\\\/pt-pt\\\/\",\"name\":\"Morospin\",\"description\":\"\",\"publisher\":{\"@id\":\"https:\\\/\\\/morospins.com\\\/pt-pt\\\/#organization\"},\"potentialAction\":[{\"@type\":\"SearchAction\",\"target\":{\"@type\":\"EntryPoint\",\"urlTemplate\":\"https:\\\/\\\/morospins.com\\\/pt-pt\\\/?s={search_term_string}\"},\"query-input\":{\"@type\":\"PropertyValueSpecification\",\"valueRequired\":true,\"valueName\":\"search_term_string\"}}],\"inLanguage\":\"pt-PT\"},{\"@type\":\"Organization\",\"@id\":\"https:\\\/\\\/morospins.com\\\/pt-pt\\\/#organization\",\"name\":\"Morospin\",\"url\":\"https:\\\/\\\/morospins.com\\\/pt-pt\\\/\",\"logo\":{\"@type\":\"ImageObject\",\"inLanguage\":\"pt-PT\",\"@id\":\"https:\\\/\\\/morospins.com\\\/pt-pt\\\/#\\\/schema\\\/logo\\\/image\\\/\",\"url\":\"https:\\\/\\\/morospins.com\\\/wp-content\\\/uploads\\\/2025\\\/02\\\/logo-main.svg\",\"contentUrl\":\"https:\\\/\\\/morospins.com\\\/wp-content\\\/uploads\\\/2025\\\/02\\\/logo-main.svg\",\"width\":65,\"height\":33,\"caption\":\"Morospin\"},\"image\":{\"@id\":\"https:\\\/\\\/morospins.com\\\/pt-pt\\\/#\\\/schema\\\/logo\\\/image\\\/\"}}]}<\/script>\n<!-- \/ Yoast SEO plugin. -->","yoast_head_json":{"title":"B\u00f3nus Sem Dep\u00f3sito do Casino Morospin\u2b50 Obtenha o Seu C\u00f3digo de B\u00f3nus Hoje","description":"Use um c\u00f3digo de b\u00f3nus do Casino Moro Spin \u2705 Desfrute de um b\u00f3nus sem dep\u00f3sito, um Pacote de Boas-Vindas de \u20ac1,500 + 250 Rodadas Gr\u00e1tis e \u20ac2,500 em torneios di\u00e1rios!\ud83e\udd11","robots":{"index":"index","follow":"follow","max-snippet":"max-snippet:-1","max-image-preview":"max-image-preview:large","max-video-preview":"max-video-preview:-1"},"canonical":"https:\/\/morospins.com\/pt-pt\/no-deposit-bonuses\/","og_locale":"pt_PT","og_type":"article","og_title":"B\u00f3nus Sem Dep\u00f3sito do Casino Morospin\u2b50 Obtenha o Seu C\u00f3digo de B\u00f3nus Hoje","og_description":"Use um c\u00f3digo de b\u00f3nus do Casino Moro Spin \u2705 Desfrute de um b\u00f3nus sem dep\u00f3sito, um Pacote de Boas-Vindas de \u20ac1,500 + 250 Rodadas Gr\u00e1tis e \u20ac2,500 em torneios di\u00e1rios!\ud83e\udd11","og_url":"https:\/\/morospins.com\/pt-pt\/no-deposit-bonuses\/","og_site_name":"Morospins","article_modified_time":"2025-07-10T09:10:05+00:00","twitter_card":"summary_large_image","twitter_misc":{"Est. reading time":"1 minute"},"schema":{"@context":"https:\/\/schema.org","@graph":[{"@type":"WebPage","@id":"https:\/\/morospins.com\/pt-pt\/no-deposit-bonuses\/","url":"https:\/\/morospins.com\/pt-pt\/no-deposit-bonuses\/","name":"B\u00f3nus Sem Dep\u00f3sito do Casino Morospin\u2b50 Obtenha o Seu C\u00f3digo de B\u00f3nus Hoje","isPartOf":{"@id":"https:\/\/morospins.com\/pt-pt\/#website"},"datePublished":"2025-05-14T08:01:38+00:00","dateModified":"2025-07-10T09:10:05+00:00","description":"Use um c\u00f3digo de b\u00f3nus do Casino Moro Spin \u2705 Desfrute de um b\u00f3nus sem dep\u00f3sito, um Pacote de Boas-Vindas de \u20ac1,500 + 250 Rodadas Gr\u00e1tis e \u20ac2,500 em torneios di\u00e1rios!\ud83e\udd11","breadcrumb":{"@id":"https:\/\/morospins.com\/pt-pt\/no-deposit-bonuses\/#breadcrumb"},"inLanguage":"pt-PT","potentialAction":[{"@type":"ReadAction","target":["https:\/\/morospins.com\/pt-pt\/no-deposit-bonuses\/"]}]},{"@type":"BreadcrumbList","@id":"https:\/\/morospins.com\/pt-pt\/no-deposit-bonuses\/#breadcrumb","itemListElement":[{"@type":"ListItem","position":1,"name":"Morospin","item":"https:\/\/morospins.com\/pt-pt\/"},{"@type":"ListItem","position":2,"name":"B\u00f3nus Sem Dep\u00f3sito"}]},{"@type":"WebSite","@id":"https:\/\/morospins.com\/pt-pt\/#website","url":"https:\/\/morospins.com\/pt-pt\/","name":"Morospin","description":"","publisher":{"@id":"https:\/\/morospins.com\/pt-pt\/#organization"},"potentialAction":[{"@type":"SearchAction","target":{"@type":"EntryPoint","urlTemplate":"https:\/\/morospins.com\/pt-pt\/?s={search_term_string}"},"query-input":{"@type":"PropertyValueSpecification","valueRequired":true,"valueName":"search_term_string"}}],"inLanguage":"pt-PT"},{"@type":"Organization","@id":"https:\/\/morospins.com\/pt-pt\/#organization","name":"Morospin","url":"https:\/\/morospins.com\/pt-pt\/","logo":{"@type":"ImageObject","inLanguage":"pt-PT","@id":"https:\/\/morospins.com\/pt-pt\/#\/schema\/logo\/image\/","url":"https:\/\/morospins.com\/wp-content\/uploads\/2025\/02\/logo-main.svg","contentUrl":"https:\/\/morospins.com\/wp-content\/uploads\/2025\/02\/logo-main.svg","width":65,"height":33,"caption":"Morospin"},"image":{"@id":"https:\/\/morospins.com\/pt-pt\/#\/schema\/logo\/image\/"}}]}},"_links":{"self":[{"href":"https:\/\/morospins.com\/pt-pt\/wp-json\/wp\/v2\/pages\/1207","targetHints":{"allow":["GET"]}}],"collection":[{"href":"https:\/\/morospins.com\/pt-pt\/wp-json\/wp\/v2\/pages"}],"about":[{"href":"https:\/\/morospins.com\/pt-pt\/wp-json\/wp\/v2\/types\/page"}],"author":[{"embeddable":true,"href":"https:\/\/morospins.com\/pt-pt\/wp-json\/wp\/v2\/users\/1"}],"replies":[{"embeddable":true,"href":"https:\/\/morospins.com\/pt-pt\/wp-json\/wp\/v2\/comments?post=1207"}],"version-history":[{"count":2,"href":"https:\/\/morospins.com\/pt-pt\/wp-json\/wp\/v2\/pages\/1207\/revisions"}],"predecessor-version":[{"id":1209,"href":"https:\/\/morospins.com\/pt-pt\/wp-json\/wp\/v2\/pages\/1207\/revisions\/1209"}],"wp:attachment":[{"href":"https:\/\/morospins.com\/pt-pt\/wp-json\/wp\/v2\/media?parent=1207"}],"curies":[{"name":"wp","href":"https:\/\/api.w.org\/{rel}","templated":true}]}}